{"id":613,"date":"2023-02-20T16:57:20","date_gmt":"2023-02-20T16:57:20","guid":{"rendered":"https:\/\/quantum-power.at\/about-us\/"},"modified":"2023-02-24T13:15:39","modified_gmt":"2023-02-24T13:15:39","slug":"about-us","status":"publish","type":"page","link":"https:\/\/quantum-power.at\/de\/about-us\/","title":{"rendered":"\u00dcber uns"},"content":{"rendered":"\t\t<div data-elementor-type=\"wp-page\" data-elementor-id=\"613\" class=\"elementor elementor-613 elementor-464\">\n\t\t\t\t\t\t<section class=\"elementor-section elementor-top-section elementor-element elementor-element-38134ca elementor-section-boxed elementor-section-height-default elementor-section-height-default\" data-id=\"38134ca\" data-element_type=\"section\" data-settings=\"{&quot;background_background&quot;:&quot;classic&quot;}\">\n\t\t\t\t\t\t\t<div class=\"elementor-background-overlay\"><\/div>\n\t\t\t\t\t\t\t<div class=\"elementor-container elementor-column-gap-default\">\n\t\t\t\t\t<div class=\"elementor-column elementor-col-100 elementor-top-column elementor-element elementor-element-bd7808a\" data-id=\"bd7808a\" data-element_type=\"column\">\n\t\t\t<div class=\"elementor-widget-wrap elementor-element-populated\">\n\t\t\t\t\t\t<div class=\"elementor-element elementor-element-8c9fe01 elementor-widget elementor-widget-heading\" data-id=\"8c9fe01\" data-element_type=\"widget\" data-widget_type=\"heading.default\">\n\t\t\t\t<div class=\"elementor-widget-container\">\n\t\t\t\t\t<h2 class=\"elementor-heading-title elementor-size-default\">\u00dcber uns<\/h2>\t\t\t\t<\/div>\n\t\t\t\t<\/div>\n\t\t\t\t<div class=\"elementor-element elementor-element-1ee21c5 elementor-widget elementor-widget-breadcrumbs\" data-id=\"1ee21c5\" data-element_type=\"widget\" data-widget_type=\"breadcrumbs.default\">\n\t\t\t\t<div class=\"elementor-widget-container\">\n\t\t\t\t\t<p id=\"breadcrumbs\"><span><span><a href=\"https:\/\/quantum-power.at\/de\/\">Startseite<\/a><\/span><\/span><\/p>\t\t\t\t<\/div>\n\t\t\t\t<\/div>\n\t\t\t\t\t<\/div>\n\t\t<\/div>\n\t\t\t\t\t<\/div>\n\t\t<\/section>\n\t\t\t\t<section class=\"elementor-section elementor-top-section elementor-element elementor-element-e2e08db elementor-reverse-mobile elementor-section-boxed elementor-section-height-default elementor-section-height-default\" data-id=\"e2e08db\" data-element_type=\"section\" data-settings=\"{&quot;background_background&quot;:&quot;classic&quot;}\">\n\t\t\t\t\t\t<div class=\"elementor-container elementor-column-gap-default\">\n\t\t\t\t\t<div class=\"elementor-column elementor-col-50 elementor-top-column elementor-element elementor-element-3eb279f\" data-id=\"3eb279f\" data-element_type=\"column\">\n\t\t\t<div class=\"elementor-widget-wrap elementor-element-populated\">\n\t\t\t\t\t\t<div class=\"elementor-element elementor-element-70a2175 animated-slow elementor-invisible elementor-widget elementor-widget-image\" data-id=\"70a2175\" data-element_type=\"widget\" data-settings=\"{&quot;_animation&quot;:&quot;fadeInLeft&quot;,&quot;_animation_delay&quot;:700}\" data-widget_type=\"image.default\">\n\t\t\t\t<div class=\"elementor-widget-container\">\n\t\t\t\t\t\t\t\t\t\t\t\t\t\t\t<img fetchpriority=\"high\" decoding=\"async\" width=\"553\" height=\"504\" src=\"https:\/\/quantum-power.at\/wp-content\/uploads\/2023\/02\/download-3-copy.jpg\" class=\"attachment-full size-full wp-image-578\" alt=\"\" srcset=\"https:\/\/quantum-power.at\/wp-content\/uploads\/2023\/02\/download-3-copy.jpg 553w, https:\/\/quantum-power.at\/wp-content\/uploads\/2023\/02\/download-3-copy-300x273.jpg 300w\" sizes=\"(max-width: 553px) 100vw, 553px\" \/>\t\t\t\t\t\t\t\t\t\t\t\t\t\t\t<\/div>\n\t\t\t\t<\/div>\n\t\t\t\t\t<\/div>\n\t\t<\/div>\n\t\t\t\t<div class=\"elementor-column elementor-col-50 elementor-top-column elementor-element elementor-element-e1bd1f5\" data-id=\"e1bd1f5\" data-element_type=\"column\">\n\t\t\t<div class=\"elementor-widget-wrap elementor-element-populated\">\n\t\t\t\t\t\t<div class=\"elementor-element elementor-element-fbc554d elementor-invisible elementor-widget elementor-widget-heading\" data-id=\"fbc554d\" data-element_type=\"widget\" data-settings=\"{&quot;_animation&quot;:&quot;fadeInDown&quot;,&quot;_animation_delay&quot;:500}\" data-widget_type=\"heading.default\">\n\t\t\t\t<div class=\"elementor-widget-container\">\n\t\t\t\t\t<h5 class=\"elementor-heading-title elementor-size-default\">\u00dcber uns<\/h5>\t\t\t\t<\/div>\n\t\t\t\t<\/div>\n\t\t\t\t<div class=\"elementor-element elementor-element-501f0c9 elementor-invisible elementor-widget elementor-widget-heading\" data-id=\"501f0c9\" data-element_type=\"widget\" data-settings=\"{&quot;_animation&quot;:&quot;fadeInUp&quot;,&quot;_animation_delay&quot;:500}\" data-widget_type=\"heading.default\">\n\t\t\t\t<div class=\"elementor-widget-container\">\n\t\t\t\t\t<h2 class=\"elementor-heading-title elementor-size-default\">Quantum <span class=\"pink-color\">Power<\/span><\/h2>\t\t\t\t<\/div>\n\t\t\t\t<\/div>\n\t\t\t\t<div class=\"elementor-element elementor-element-8dc61c4 animated-slow elementor-invisible elementor-widget elementor-widget-text-editor\" data-id=\"8dc61c4\" data-element_type=\"widget\" data-settings=\"{&quot;_animation&quot;:&quot;fadeIn&quot;,&quot;_animation_delay&quot;:900}\" data-widget_type=\"text-editor.default\">\n\t\t\t\t<div class=\"elementor-widget-container\">\n\t\t\t\t\t\t\t\t\t<p>Quantum Power ist ein f\u00fchrender Anbieter von elektronischen Ger\u00e4ten und L\u00f6sungen f\u00fcr verschiedene Anwendungen, die darauf ausgerichtet sind, energieeffiziente und skalierbare Technologien f\u00fcr Kunden weltweit bereitzustellen. Das Unternehmen hat seinen Hauptsitz in Wien, \u00d6sterreich und verf\u00fcgt \u00fcber eine starke Pr\u00e4senz auf dem globalen Markt. Quantum Power engagiert sich f\u00fcr die Entwicklung innovativer Produkte, die den sich wandelnden Anforderungen der Kunden gerecht werden.<\/p><p>Das Unternehmen arbeitet eng mit Kunden zusammen, um skalierbare und zukunftsorientierte L\u00f6sungen zu entwickeln, die neue Gesch\u00e4ftsmodelle f\u00fcr Beleuchtungshersteller, Geb\u00e4udemanager, Systemintegratoren, Planer und viele andere Arten von Kunden erm\u00f6glichen. Quantum Power ist mehr als nur ein Lieferant; es ist ein Partner bei der Entwicklung von Strategien und technologischen L\u00f6sungen f\u00fcr die Zukunft.<\/p><p>Quantum Power bietet eine breite Palette von Produkten an, einschlie\u00dflich Beleuchtungsl\u00f6sungen, Ladeger\u00e4ten f\u00fcr Elektroautos, intelligenten Ger\u00e4ten und drahtlosen L\u00f6sungen. Das Unternehmen ist bestrebt, seinen Kunden qualitativ hochwertige und zuverl\u00e4ssige Hardware und Software anzubieten, die herk\u00f6mmliche Technologie \u00fcbertrifft.<\/p><p>Quantum Power hat ein Expertenteam, das mit Leidenschaft innovative Produkte entwickelt, die den sich wandelnden Anforderungen der Kunden gerecht werden. Das Unternehmen ist auch bestrebt, die Erwartungen seiner Kunden mit au\u00dfergew\u00f6hnlichem Kundenservice, fachkundigem technischen Support und der Verpflichtung zu Exzellenz in allem, was es tut, zu \u00fcbertreffen.<\/p>\t\t\t\t\t\t\t\t<\/div>\n\t\t\t\t<\/div>\n\t\t\t\t\t<\/div>\n\t\t<\/div>\n\t\t\t\t\t<\/div>\n\t\t<\/section>\n\t\t\t\t<\/div>\n\t\t","protected":false},"excerpt":{"rendered":"<p>\u00dcber uns Quantum Power Quantum Power ist ein f\u00fchrender Anbieter von elektronischen Ger\u00e4ten und L\u00f6sungen f\u00fcr verschiedene Anwendungen, die darauf ausgerichtet sind, energieeffiziente und skalierbare Technologien f\u00fcr Kunden weltweit bereitzustellen. Das Unternehmen hat seinen Hauptsitz in Wien, \u00d6sterreich und verf\u00fcgt \u00fcber eine starke Pr\u00e4senz auf dem globalen Markt. Quantum Power engagiert sich f\u00fcr die Entwicklung [&hellip;]<\/p>\n","protected":false},"author":1,"featured_media":0,"parent":0,"menu_order":0,"comment_status":"closed","ping_status":"closed","template":"elementor_header_footer","meta":{"footnotes":""},"class_list":["post-613","page","type-page","status-publish","hentry"],"yoast_head":"<!-- This site is optimized with the Yoast SEO plugin v20.8 - https:\/\/yoast.com\/wordpress\/plugins\/seo\/ -->\n<title>\u00dcber uns - Quantum Power<\/title>\n<meta name=\"robots\" content=\"index, follow, max-snippet:-1, max-image-preview:large, max-video-preview:-1\" \/>\n<link rel=\"canonical\" href=\"https:\/\/quantum-power.at\/de\/about-us\/\" \/>\n<meta property=\"og:locale\" content=\"de_DE\" \/>\n<meta property=\"og:type\" content=\"article\" \/>\n<meta property=\"og:title\" content=\"\u00dcber uns - Quantum Power\" \/>\n<meta property=\"og:description\" content=\"\u00dcber uns Quantum Power Quantum Power ist ein f\u00fchrender Anbieter von elektronischen Ger\u00e4ten und L\u00f6sungen f\u00fcr verschiedene Anwendungen, die darauf ausgerichtet sind, energieeffiziente und skalierbare Technologien f\u00fcr Kunden weltweit bereitzustellen. Das Unternehmen hat seinen Hauptsitz in Wien, \u00d6sterreich und verf\u00fcgt \u00fcber eine starke Pr\u00e4senz auf dem globalen Markt. Quantum Power engagiert sich f\u00fcr die Entwicklung [&hellip;]\" \/>\n<meta property=\"og:url\" content=\"https:\/\/quantum-power.at\/de\/about-us\/\" \/>\n<meta property=\"og:site_name\" content=\"Quantum Power\" \/>\n<meta property=\"article:modified_time\" content=\"2023-02-24T13:15:39+00:00\" \/>\n<meta property=\"og:image\" content=\"https:\/\/quantum-power.at\/wp-content\/uploads\/2023\/02\/download-3-copy.jpg\" \/>\n<meta name=\"twitter:card\" content=\"summary_large_image\" \/>\n<meta name=\"twitter:label1\" content=\"Gesch\u00e4tzte Lesezeit\" \/>\n\t<meta name=\"twitter:data1\" content=\"2\u00a0Minuten\" \/>\n<script type=\"application\/ld+json\" class=\"yoast-schema-graph\">{\"@context\":\"https:\/\/schema.org\",\"@graph\":[{\"@type\":\"WebPage\",\"@id\":\"https:\/\/quantum-power.at\/de\/about-us\/\",\"url\":\"https:\/\/quantum-power.at\/de\/about-us\/\",\"name\":\"\u00dcber uns - Quantum Power\",\"isPartOf\":{\"@id\":\"https:\/\/quantum-power.at\/#website\"},\"datePublished\":\"2023-02-20T16:57:20+00:00\",\"dateModified\":\"2023-02-24T13:15:39+00:00\",\"breadcrumb\":{\"@id\":\"https:\/\/quantum-power.at\/de\/about-us\/#breadcrumb\"},\"inLanguage\":\"de\",\"potentialAction\":[{\"@type\":\"ReadAction\",\"target\":[\"https:\/\/quantum-power.at\/de\/about-us\/\"]}]},{\"@type\":\"BreadcrumbList\",\"@id\":\"https:\/\/quantum-power.at\/de\/about-us\/#breadcrumb\",\"itemListElement\":[{\"@type\":\"ListItem\",\"position\":1,\"name\":\"Startseite\",\"item\":\"https:\/\/quantum-power.at\/de\/\"},{\"@type\":\"ListItem\",\"position\":2,\"name\":\"\u00dcber uns\"}]},{\"@type\":\"WebSite\",\"@id\":\"https:\/\/quantum-power.at\/#website\",\"url\":\"https:\/\/quantum-power.at\/\",\"name\":\"Quantum Power\",\"description\":\"\",\"publisher\":{\"@id\":\"https:\/\/quantum-power.at\/#organization\"},\"potentialAction\":[{\"@type\":\"SearchAction\",\"target\":{\"@type\":\"EntryPoint\",\"urlTemplate\":\"https:\/\/quantum-power.at\/?s={search_term_string}\"},\"query-input\":\"required name=search_term_string\"}],\"inLanguage\":\"de\"},{\"@type\":\"Organization\",\"@id\":\"https:\/\/quantum-power.at\/#organization\",\"name\":\"Quantum Power\",\"url\":\"https:\/\/quantum-power.at\/\",\"logo\":{\"@type\":\"ImageObject\",\"inLanguage\":\"de\",\"@id\":\"https:\/\/quantum-power.at\/#\/schema\/logo\/image\/\",\"url\":\"https:\/\/quantum-power.at\/wp-content\/uploads\/2023\/02\/Asset-1.png\",\"contentUrl\":\"https:\/\/quantum-power.at\/wp-content\/uploads\/2023\/02\/Asset-1.png\",\"width\":229,\"height\":80,\"caption\":\"Quantum Power\"},\"image\":{\"@id\":\"https:\/\/quantum-power.at\/#\/schema\/logo\/image\/\"}}]}<\/script>\n<!-- \/ Yoast SEO plugin. -->","yoast_head_json":{"title":"\u00dcber uns - Quantum Power","robots":{"index":"index","follow":"follow","max-snippet":"max-snippet:-1","max-image-preview":"max-image-preview:large","max-video-preview":"max-video-preview:-1"},"canonical":"https:\/\/quantum-power.at\/de\/about-us\/","og_locale":"de_DE","og_type":"article","og_title":"\u00dcber uns - Quantum Power","og_description":"\u00dcber uns Quantum Power Quantum Power ist ein f\u00fchrender Anbieter von elektronischen Ger\u00e4ten und L\u00f6sungen f\u00fcr verschiedene Anwendungen, die darauf ausgerichtet sind, energieeffiziente und skalierbare Technologien f\u00fcr Kunden weltweit bereitzustellen. Das Unternehmen hat seinen Hauptsitz in Wien, \u00d6sterreich und verf\u00fcgt \u00fcber eine starke Pr\u00e4senz auf dem globalen Markt. Quantum Power engagiert sich f\u00fcr die Entwicklung [&hellip;]","og_url":"https:\/\/quantum-power.at\/de\/about-us\/","og_site_name":"Quantum Power","article_modified_time":"2023-02-24T13:15:39+00:00","og_image":[{"url":"https:\/\/quantum-power.at\/wp-content\/uploads\/2023\/02\/download-3-copy.jpg"}],"twitter_card":"summary_large_image","twitter_misc":{"Gesch\u00e4tzte Lesezeit":"2\u00a0Minuten"},"schema":{"@context":"https:\/\/schema.org","@graph":[{"@type":"WebPage","@id":"https:\/\/quantum-power.at\/de\/about-us\/","url":"https:\/\/quantum-power.at\/de\/about-us\/","name":"\u00dcber uns - Quantum Power","isPartOf":{"@id":"https:\/\/quantum-power.at\/#website"},"datePublished":"2023-02-20T16:57:20+00:00","dateModified":"2023-02-24T13:15:39+00:00","breadcrumb":{"@id":"https:\/\/quantum-power.at\/de\/about-us\/#breadcrumb"},"inLanguage":"de","potentialAction":[{"@type":"ReadAction","target":["https:\/\/quantum-power.at\/de\/about-us\/"]}]},{"@type":"BreadcrumbList","@id":"https:\/\/quantum-power.at\/de\/about-us\/#breadcrumb","itemListElement":[{"@type":"ListItem","position":1,"name":"Startseite","item":"https:\/\/quantum-power.at\/de\/"},{"@type":"ListItem","position":2,"name":"\u00dcber uns"}]},{"@type":"WebSite","@id":"https:\/\/quantum-power.at\/#website","url":"https:\/\/quantum-power.at\/","name":"Quantum Power","description":"","publisher":{"@id":"https:\/\/quantum-power.at\/#organization"},"potentialAction":[{"@type":"SearchAction","target":{"@type":"EntryPoint","urlTemplate":"https:\/\/quantum-power.at\/?s={search_term_string}"},"query-input":"required name=search_term_string"}],"inLanguage":"de"},{"@type":"Organization","@id":"https:\/\/quantum-power.at\/#organization","name":"Quantum Power","url":"https:\/\/quantum-power.at\/","logo":{"@type":"ImageObject","inLanguage":"de","@id":"https:\/\/quantum-power.at\/#\/schema\/logo\/image\/","url":"https:\/\/quantum-power.at\/wp-content\/uploads\/2023\/02\/Asset-1.png","contentUrl":"https:\/\/quantum-power.at\/wp-content\/uploads\/2023\/02\/Asset-1.png","width":229,"height":80,"caption":"Quantum Power"},"image":{"@id":"https:\/\/quantum-power.at\/#\/schema\/logo\/image\/"}}]}},"_links":{"self":[{"href":"https:\/\/quantum-power.at\/de\/wp-json\/wp\/v2\/pages\/613","targetHints":{"allow":["GET"]}}],"collection":[{"href":"https:\/\/quantum-power.at\/de\/wp-json\/wp\/v2\/pages"}],"about":[{"href":"https:\/\/quantum-power.at\/de\/wp-json\/wp\/v2\/types\/page"}],"author":[{"embeddable":true,"href":"https:\/\/quantum-power.at\/de\/wp-json\/wp\/v2\/users\/1"}],"replies":[{"embeddable":true,"href":"https:\/\/quantum-power.at\/de\/wp-json\/wp\/v2\/comments?post=613"}],"version-history":[{"count":8,"href":"https:\/\/quantum-power.at\/de\/wp-json\/wp\/v2\/pages\/613\/revisions"}],"predecessor-version":[{"id":801,"href":"https:\/\/quantum-power.at\/de\/wp-json\/wp\/v2\/pages\/613\/revisions\/801"}],"wp:attachment":[{"href":"https:\/\/quantum-power.at\/de\/wp-json\/wp\/v2\/media?parent=613"}],"curies":[{"name":"wp","href":"https:\/\/api.w.org\/{rel}","templated":true}]}}