{"id":643,"date":"2023-02-20T17:01:11","date_gmt":"2023-02-20T17:01:11","guid":{"rendered":"https:\/\/quantum-power.at\/mission-vision\/"},"modified":"2023-02-24T13:17:51","modified_gmt":"2023-02-24T13:17:51","slug":"mission-vision","status":"publish","type":"page","link":"https:\/\/quantum-power.at\/de\/mission-vision\/","title":{"rendered":"Mission und Vision"},"content":{"rendered":"\t\t<div data-elementor-type=\"wp-page\" data-elementor-id=\"643\" class=\"elementor elementor-643 elementor-469\">\n\t\t\t\t\t\t<section class=\"elementor-section elementor-top-section elementor-element elementor-element-0e93133 elementor-section-boxed elementor-section-height-default elementor-section-height-default\" data-id=\"0e93133\" data-element_type=\"section\" data-settings=\"{&quot;background_background&quot;:&quot;classic&quot;}\">\n\t\t\t\t\t\t\t<div class=\"elementor-background-overlay\"><\/div>\n\t\t\t\t\t\t\t<div class=\"elementor-container elementor-column-gap-default\">\n\t\t\t\t\t<div class=\"elementor-column elementor-col-100 elementor-top-column elementor-element elementor-element-4fc171e\" data-id=\"4fc171e\" data-element_type=\"column\">\n\t\t\t<div class=\"elementor-widget-wrap elementor-element-populated\">\n\t\t\t\t\t\t<div class=\"elementor-element elementor-element-215120c elementor-widget elementor-widget-heading\" data-id=\"215120c\" data-element_type=\"widget\" data-widget_type=\"heading.default\">\n\t\t\t\t<div class=\"elementor-widget-container\">\n\t\t\t\t\t<h2 class=\"elementor-heading-title elementor-size-default\">Mission und Vision<\/h2>\t\t\t\t<\/div>\n\t\t\t\t<\/div>\n\t\t\t\t<div class=\"elementor-element elementor-element-b42f25b elementor-widget elementor-widget-breadcrumbs\" data-id=\"b42f25b\" data-element_type=\"widget\" data-widget_type=\"breadcrumbs.default\">\n\t\t\t\t<div class=\"elementor-widget-container\">\n\t\t\t\t\t<p id=\"breadcrumbs\"><span><span><a href=\"https:\/\/quantum-power.at\/de\/\">Startseite<\/a><\/span><\/span><\/p>\t\t\t\t<\/div>\n\t\t\t\t<\/div>\n\t\t\t\t\t<\/div>\n\t\t<\/div>\n\t\t\t\t\t<\/div>\n\t\t<\/section>\n\t\t\t\t<section class=\"elementor-section elementor-top-section elementor-element elementor-element-c1a9fe3 elementor-reverse-mobile elementor-section-boxed elementor-section-height-default elementor-section-height-default\" data-id=\"c1a9fe3\" data-element_type=\"section\" data-settings=\"{&quot;background_background&quot;:&quot;classic&quot;}\">\n\t\t\t\t\t\t<div class=\"elementor-container elementor-column-gap-default\">\n\t\t\t\t\t<div class=\"elementor-column elementor-col-50 elementor-top-column elementor-element elementor-element-c8336ac\" data-id=\"c8336ac\" data-element_type=\"column\">\n\t\t\t<div class=\"elementor-widget-wrap elementor-element-populated\">\n\t\t\t\t\t\t<div class=\"elementor-element elementor-element-83c1c91 animated-slow elementor-invisible elementor-widget elementor-widget-image\" data-id=\"83c1c91\" data-element_type=\"widget\" data-settings=\"{&quot;_animation&quot;:&quot;fadeInLeft&quot;,&quot;_animation_delay&quot;:700}\" data-widget_type=\"image.default\">\n\t\t\t\t<div class=\"elementor-widget-container\">\n\t\t\t\t\t\t\t\t\t\t\t\t\t\t\t<img fetchpriority=\"high\" decoding=\"async\" width=\"1800\" height=\"1200\" src=\"https:\/\/quantum-power.at\/wp-content\/uploads\/2023\/02\/AdobeStock_257487069-1.jpeg\" class=\"attachment-full size-full wp-image-574\" alt=\"\" srcset=\"https:\/\/quantum-power.at\/wp-content\/uploads\/2023\/02\/AdobeStock_257487069-1.jpeg 1800w, https:\/\/quantum-power.at\/wp-content\/uploads\/2023\/02\/AdobeStock_257487069-1-300x200.jpeg 300w, https:\/\/quantum-power.at\/wp-content\/uploads\/2023\/02\/AdobeStock_257487069-1-1024x683.jpeg 1024w, https:\/\/quantum-power.at\/wp-content\/uploads\/2023\/02\/AdobeStock_257487069-1-768x512.jpeg 768w, https:\/\/quantum-power.at\/wp-content\/uploads\/2023\/02\/AdobeStock_257487069-1-1536x1024.jpeg 1536w\" sizes=\"(max-width: 1800px) 100vw, 1800px\" \/>\t\t\t\t\t\t\t\t\t\t\t\t\t\t\t<\/div>\n\t\t\t\t<\/div>\n\t\t\t\t\t<\/div>\n\t\t<\/div>\n\t\t\t\t<div class=\"elementor-column elementor-col-50 elementor-top-column elementor-element elementor-element-6171565\" data-id=\"6171565\" data-element_type=\"column\">\n\t\t\t<div class=\"elementor-widget-wrap elementor-element-populated\">\n\t\t\t\t\t\t<div class=\"elementor-element elementor-element-15e34de elementor-invisible elementor-widget elementor-widget-heading\" data-id=\"15e34de\" data-element_type=\"widget\" data-settings=\"{&quot;_animation&quot;:&quot;fadeInDown&quot;,&quot;_animation_delay&quot;:500}\" data-widget_type=\"heading.default\">\n\t\t\t\t<div class=\"elementor-widget-container\">\n\t\t\t\t\t<h5 class=\"elementor-heading-title elementor-size-default\">\u00dcber Uns<\/h5>\t\t\t\t<\/div>\n\t\t\t\t<\/div>\n\t\t\t\t<div class=\"elementor-element elementor-element-7778060 elementor-invisible elementor-widget elementor-widget-heading\" data-id=\"7778060\" data-element_type=\"widget\" data-settings=\"{&quot;_animation&quot;:&quot;fadeInUp&quot;,&quot;_animation_delay&quot;:500}\" data-widget_type=\"heading.default\">\n\t\t\t\t<div class=\"elementor-widget-container\">\n\t\t\t\t\t<h2 class=\"elementor-heading-title elementor-size-default\">Mission und <span class=\"pink-color\">Vision<\/span><\/h2>\t\t\t\t<\/div>\n\t\t\t\t<\/div>\n\t\t\t\t<div class=\"elementor-element elementor-element-73f4502 animated-slow elementor-invisible elementor-widget elementor-widget-text-editor\" data-id=\"73f4502\" data-element_type=\"widget\" data-settings=\"{&quot;_animation&quot;:&quot;fadeIn&quot;,&quot;_animation_delay&quot;:900}\" data-widget_type=\"text-editor.default\">\n\t\t\t\t<div class=\"elementor-widget-container\">\n\t\t\t\t\t\t\t\t\t<p>Die Mission von Quantum Power ist innovative, und energieeffiziente elektronische Ger\u00e4te f\u00fcr verschiedene Anwendungen bereitzustellen, wobei der Schwerpunkt auf Skalierbarkeit und Nachhaltigkeit liegt.<\/p><p>Die Vision des Unternehmens ist es, ein f\u00fchrender Anbieter von intelligenten Hardware- und Softwarel\u00f6sungen zu sein, der neue Gesch\u00e4ftsmodelle f\u00fcr Kunden erm\u00f6glicht. Quantum Power strebt danach, ein erstklassiger Lieferant in der Branche zu sein und Werte f\u00fcr alle Beteiligten zu schaffen.<\/p><p>Das Unternehmen arbeitet eng mit Kunden zusammen, um zukunftsorientierte Strategien und L\u00f6sungen zu entwickeln und kontinuierlich zu verbessern, um die Erwartungen der Kunden zu \u00fcbertreffen und die Entwicklung der Branche voranzutreiben.<\/p>\t\t\t\t\t\t\t\t<\/div>\n\t\t\t\t<\/div>\n\t\t\t\t\t<\/div>\n\t\t<\/div>\n\t\t\t\t\t<\/div>\n\t\t<\/section>\n\t\t\t\t<\/div>\n\t\t","protected":false},"excerpt":{"rendered":"<p>\u00dcber Uns Mission und Vision Die Mission von Quantum Power ist innovative, und energieeffiziente elektronische Ger\u00e4te f\u00fcr verschiedene Anwendungen bereitzustellen, wobei der Schwerpunkt auf Skalierbarkeit und Nachhaltigkeit liegt. Die Vision des Unternehmens ist es, ein f\u00fchrender Anbieter von intelligenten Hardware- und Softwarel\u00f6sungen zu sein, der neue Gesch\u00e4ftsmodelle f\u00fcr Kunden erm\u00f6glicht. Quantum Power strebt danach, ein [&hellip;]<\/p>\n","protected":false},"author":1,"featured_media":0,"parent":0,"menu_order":0,"comment_status":"closed","ping_status":"closed","template":"elementor_header_footer","meta":{"footnotes":""},"class_list":["post-643","page","type-page","status-publish","hentry"],"yoast_head":"<!-- This site is optimized with the Yoast SEO plugin v20.8 - https:\/\/yoast.com\/wordpress\/plugins\/seo\/ -->\n<title>Mission und Vision - Quantum Power<\/title>\n<meta name=\"robots\" content=\"index, follow, max-snippet:-1, max-image-preview:large, max-video-preview:-1\" \/>\n<link rel=\"canonical\" href=\"https:\/\/quantum-power.at\/de\/mission-vision\/\" \/>\n<meta property=\"og:locale\" content=\"de_DE\" \/>\n<meta property=\"og:type\" content=\"article\" \/>\n<meta property=\"og:title\" content=\"Mission und Vision - Quantum Power\" \/>\n<meta property=\"og:description\" content=\"\u00dcber Uns Mission und Vision Die Mission von Quantum Power ist innovative, und energieeffiziente elektronische Ger\u00e4te f\u00fcr verschiedene Anwendungen bereitzustellen, wobei der Schwerpunkt auf Skalierbarkeit und Nachhaltigkeit liegt. Die Vision des Unternehmens ist es, ein f\u00fchrender Anbieter von intelligenten Hardware- und Softwarel\u00f6sungen zu sein, der neue Gesch\u00e4ftsmodelle f\u00fcr Kunden erm\u00f6glicht. Quantum Power strebt danach, ein [&hellip;]\" \/>\n<meta property=\"og:url\" content=\"https:\/\/quantum-power.at\/de\/mission-vision\/\" \/>\n<meta property=\"og:site_name\" content=\"Quantum Power\" \/>\n<meta property=\"article:modified_time\" content=\"2023-02-24T13:17:51+00:00\" \/>\n<meta property=\"og:image\" content=\"https:\/\/quantum-power.at\/wp-content\/uploads\/2023\/02\/AdobeStock_257487069-1.jpeg\" \/>\n<meta name=\"twitter:card\" content=\"summary_large_image\" \/>\n<meta name=\"twitter:label1\" content=\"Gesch\u00e4tzte Lesezeit\" \/>\n\t<meta name=\"twitter:data1\" content=\"1\u00a0Minute\" \/>\n<script type=\"application\/ld+json\" class=\"yoast-schema-graph\">{\"@context\":\"https:\/\/schema.org\",\"@graph\":[{\"@type\":\"WebPage\",\"@id\":\"https:\/\/quantum-power.at\/de\/mission-vision\/\",\"url\":\"https:\/\/quantum-power.at\/de\/mission-vision\/\",\"name\":\"Mission und Vision - Quantum Power\",\"isPartOf\":{\"@id\":\"https:\/\/quantum-power.at\/#website\"},\"datePublished\":\"2023-02-20T17:01:11+00:00\",\"dateModified\":\"2023-02-24T13:17:51+00:00\",\"breadcrumb\":{\"@id\":\"https:\/\/quantum-power.at\/de\/mission-vision\/#breadcrumb\"},\"inLanguage\":\"de\",\"potentialAction\":[{\"@type\":\"ReadAction\",\"target\":[\"https:\/\/quantum-power.at\/de\/mission-vision\/\"]}]},{\"@type\":\"BreadcrumbList\",\"@id\":\"https:\/\/quantum-power.at\/de\/mission-vision\/#breadcrumb\",\"itemListElement\":[{\"@type\":\"ListItem\",\"position\":1,\"name\":\"Startseite\",\"item\":\"https:\/\/quantum-power.at\/de\/\"},{\"@type\":\"ListItem\",\"position\":2,\"name\":\"Mission und Vision\"}]},{\"@type\":\"WebSite\",\"@id\":\"https:\/\/quantum-power.at\/#website\",\"url\":\"https:\/\/quantum-power.at\/\",\"name\":\"Quantum Power\",\"description\":\"\",\"publisher\":{\"@id\":\"https:\/\/quantum-power.at\/#organization\"},\"potentialAction\":[{\"@type\":\"SearchAction\",\"target\":{\"@type\":\"EntryPoint\",\"urlTemplate\":\"https:\/\/quantum-power.at\/?s={search_term_string}\"},\"query-input\":\"required name=search_term_string\"}],\"inLanguage\":\"de\"},{\"@type\":\"Organization\",\"@id\":\"https:\/\/quantum-power.at\/#organization\",\"name\":\"Quantum Power\",\"url\":\"https:\/\/quantum-power.at\/\",\"logo\":{\"@type\":\"ImageObject\",\"inLanguage\":\"de\",\"@id\":\"https:\/\/quantum-power.at\/#\/schema\/logo\/image\/\",\"url\":\"https:\/\/quantum-power.at\/wp-content\/uploads\/2023\/02\/Asset-1.png\",\"contentUrl\":\"https:\/\/quantum-power.at\/wp-content\/uploads\/2023\/02\/Asset-1.png\",\"width\":229,\"height\":80,\"caption\":\"Quantum Power\"},\"image\":{\"@id\":\"https:\/\/quantum-power.at\/#\/schema\/logo\/image\/\"}}]}<\/script>\n<!-- \/ Yoast SEO plugin. -->","yoast_head_json":{"title":"Mission und Vision - Quantum Power","robots":{"index":"index","follow":"follow","max-snippet":"max-snippet:-1","max-image-preview":"max-image-preview:large","max-video-preview":"max-video-preview:-1"},"canonical":"https:\/\/quantum-power.at\/de\/mission-vision\/","og_locale":"de_DE","og_type":"article","og_title":"Mission und Vision - Quantum Power","og_description":"\u00dcber Uns Mission und Vision Die Mission von Quantum Power ist innovative, und energieeffiziente elektronische Ger\u00e4te f\u00fcr verschiedene Anwendungen bereitzustellen, wobei der Schwerpunkt auf Skalierbarkeit und Nachhaltigkeit liegt. Die Vision des Unternehmens ist es, ein f\u00fchrender Anbieter von intelligenten Hardware- und Softwarel\u00f6sungen zu sein, der neue Gesch\u00e4ftsmodelle f\u00fcr Kunden erm\u00f6glicht. Quantum Power strebt danach, ein [&hellip;]","og_url":"https:\/\/quantum-power.at\/de\/mission-vision\/","og_site_name":"Quantum Power","article_modified_time":"2023-02-24T13:17:51+00:00","og_image":[{"url":"https:\/\/quantum-power.at\/wp-content\/uploads\/2023\/02\/AdobeStock_257487069-1.jpeg"}],"twitter_card":"summary_large_image","twitter_misc":{"Gesch\u00e4tzte Lesezeit":"1\u00a0Minute"},"schema":{"@context":"https:\/\/schema.org","@graph":[{"@type":"WebPage","@id":"https:\/\/quantum-power.at\/de\/mission-vision\/","url":"https:\/\/quantum-power.at\/de\/mission-vision\/","name":"Mission und Vision - Quantum Power","isPartOf":{"@id":"https:\/\/quantum-power.at\/#website"},"datePublished":"2023-02-20T17:01:11+00:00","dateModified":"2023-02-24T13:17:51+00:00","breadcrumb":{"@id":"https:\/\/quantum-power.at\/de\/mission-vision\/#breadcrumb"},"inLanguage":"de","potentialAction":[{"@type":"ReadAction","target":["https:\/\/quantum-power.at\/de\/mission-vision\/"]}]},{"@type":"BreadcrumbList","@id":"https:\/\/quantum-power.at\/de\/mission-vision\/#breadcrumb","itemListElement":[{"@type":"ListItem","position":1,"name":"Startseite","item":"https:\/\/quantum-power.at\/de\/"},{"@type":"ListItem","position":2,"name":"Mission und Vision"}]},{"@type":"WebSite","@id":"https:\/\/quantum-power.at\/#website","url":"https:\/\/quantum-power.at\/","name":"Quantum Power","description":"","publisher":{"@id":"https:\/\/quantum-power.at\/#organization"},"potentialAction":[{"@type":"SearchAction","target":{"@type":"EntryPoint","urlTemplate":"https:\/\/quantum-power.at\/?s={search_term_string}"},"query-input":"required name=search_term_string"}],"inLanguage":"de"},{"@type":"Organization","@id":"https:\/\/quantum-power.at\/#organization","name":"Quantum Power","url":"https:\/\/quantum-power.at\/","logo":{"@type":"ImageObject","inLanguage":"de","@id":"https:\/\/quantum-power.at\/#\/schema\/logo\/image\/","url":"https:\/\/quantum-power.at\/wp-content\/uploads\/2023\/02\/Asset-1.png","contentUrl":"https:\/\/quantum-power.at\/wp-content\/uploads\/2023\/02\/Asset-1.png","width":229,"height":80,"caption":"Quantum Power"},"image":{"@id":"https:\/\/quantum-power.at\/#\/schema\/logo\/image\/"}}]}},"_links":{"self":[{"href":"https:\/\/quantum-power.at\/de\/wp-json\/wp\/v2\/pages\/643","targetHints":{"allow":["GET"]}}],"collection":[{"href":"https:\/\/quantum-power.at\/de\/wp-json\/wp\/v2\/pages"}],"about":[{"href":"https:\/\/quantum-power.at\/de\/wp-json\/wp\/v2\/types\/page"}],"author":[{"embeddable":true,"href":"https:\/\/quantum-power.at\/de\/wp-json\/wp\/v2\/users\/1"}],"replies":[{"embeddable":true,"href":"https:\/\/quantum-power.at\/de\/wp-json\/wp\/v2\/comments?post=643"}],"version-history":[{"count":8,"href":"https:\/\/quantum-power.at\/de\/wp-json\/wp\/v2\/pages\/643\/revisions"}],"predecessor-version":[{"id":805,"href":"https:\/\/quantum-power.at\/de\/wp-json\/wp\/v2\/pages\/643\/revisions\/805"}],"wp:attachment":[{"href":"https:\/\/quantum-power.at\/de\/wp-json\/wp\/v2\/media?parent=643"}],"curies":[{"name":"wp","href":"https:\/\/api.w.org\/{rel}","templated":true}]}}