{"id":648,"date":"2023-02-20T21:13:22","date_gmt":"2023-02-20T21:13:22","guid":{"rendered":"https:\/\/quantum-power.at\/news\/"},"modified":"2023-02-22T13:28:55","modified_gmt":"2023-02-22T13:28:55","slug":"news","status":"publish","type":"page","link":"https:\/\/quantum-power.at\/de\/news\/","title":{"rendered":"Nachrichten"},"content":{"rendered":"\t\t<div data-elementor-type=\"wp-page\" data-elementor-id=\"648\" class=\"elementor elementor-648 elementor-506\">\n\t\t\t\t\t\t<section class=\"elementor-section elementor-top-section elementor-element elementor-element-77c80dd elementor-section-boxed elementor-section-height-default elementor-section-height-default\" data-id=\"77c80dd\" data-element_type=\"section\" data-settings=\"{&quot;background_background&quot;:&quot;classic&quot;}\">\n\t\t\t\t\t\t\t<div class=\"elementor-background-overlay\"><\/div>\n\t\t\t\t\t\t\t<div class=\"elementor-container elementor-column-gap-default\">\n\t\t\t\t\t<div class=\"elementor-column elementor-col-100 elementor-top-column elementor-element elementor-element-7563584\" data-id=\"7563584\" data-element_type=\"column\">\n\t\t\t<div class=\"elementor-widget-wrap elementor-element-populated\">\n\t\t\t\t\t\t<div class=\"elementor-element elementor-element-9b6c253 elementor-widget elementor-widget-heading\" data-id=\"9b6c253\" data-element_type=\"widget\" data-widget_type=\"heading.default\">\n\t\t\t\t<div class=\"elementor-widget-container\">\n\t\t\t\t\t<h2 class=\"elementor-heading-title elementor-size-default\">Nachrichten<\/h2>\t\t\t\t<\/div>\n\t\t\t\t<\/div>\n\t\t\t\t<div class=\"elementor-element elementor-element-806284d elementor-widget elementor-widget-breadcrumbs\" data-id=\"806284d\" data-element_type=\"widget\" data-widget_type=\"breadcrumbs.default\">\n\t\t\t\t<div class=\"elementor-widget-container\">\n\t\t\t\t\t<p id=\"breadcrumbs\"><span><span><a href=\"https:\/\/quantum-power.at\/de\/\">Startseite<\/a><\/span><\/span><\/p>\t\t\t\t<\/div>\n\t\t\t\t<\/div>\n\t\t\t\t\t<\/div>\n\t\t<\/div>\n\t\t\t\t\t<\/div>\n\t\t<\/section>\n\t\t\t\t<section class=\"elementor-section elementor-top-section elementor-element elementor-element-94e141a elementor-section-boxed elementor-section-height-default elementor-section-height-default\" data-id=\"94e141a\" data-element_type=\"section\">\n\t\t\t\t\t\t<div class=\"elementor-container elementor-column-gap-default\">\n\t\t\t\t\t<div class=\"elementor-column elementor-col-100 elementor-top-column elementor-element elementor-element-3ea7e6d\" data-id=\"3ea7e6d\" data-element_type=\"column\">\n\t\t\t<div class=\"elementor-widget-wrap elementor-element-populated\">\n\t\t\t\t\t\t<div class=\"elementor-element elementor-element-efde728 animated-slow elementor-grid-3 elementor-grid-tablet-2 elementor-grid-mobile-1 elementor-posts--thumbnail-top elementor-card-shadow-yes elementor-posts__hover-gradient load-more-align-center elementor-invisible elementor-widget elementor-widget-posts\" data-id=\"efde728\" data-element_type=\"widget\" data-settings=\"{&quot;_animation&quot;:&quot;fadeIn&quot;,&quot;_animation_delay&quot;:700,&quot;pagination_type&quot;:&quot;load_more_on_click&quot;,&quot;cards_columns&quot;:&quot;3&quot;,&quot;cards_columns_tablet&quot;:&quot;2&quot;,&quot;cards_columns_mobile&quot;:&quot;1&quot;,&quot;cards_row_gap&quot;:{&quot;unit&quot;:&quot;px&quot;,&quot;size&quot;:35,&quot;sizes&quot;:[]},&quot;cards_row_gap_tablet&quot;:{&quot;unit&quot;:&quot;px&quot;,&quot;size&quot;:&quot;&quot;,&quot;sizes&quot;:[]},&quot;cards_row_gap_mobile&quot;:{&quot;unit&quot;:&quot;px&quot;,&quot;size&quot;:&quot;&quot;,&quot;sizes&quot;:[]},&quot;load_more_spinner&quot;:{&quot;value&quot;:&quot;fas fa-spinner&quot;,&quot;library&quot;:&quot;fa-solid&quot;}}\" data-widget_type=\"posts.cards\">\n\t\t\t\t<div class=\"elementor-widget-container\">\n\t\t\t\t\t\t\t<div class=\"elementor-posts-container elementor-posts elementor-posts--skin-cards elementor-grid\">\n\t\t\t\t<article class=\"elementor-post elementor-grid-item post-607 post type-post status-publish format-standard has-post-thumbnail hentry category-artikel tag-proident-de\">\n\t\t\t<div class=\"elementor-post__card\">\n\t\t\t\t<a class=\"elementor-post__thumbnail__link\" href=\"https:\/\/quantum-power.at\/de\/construction-of-a-new-high-tech-plant-in-washington\/\" ><div class=\"elementor-post__thumbnail\"><img fetchpriority=\"high\" decoding=\"async\" width=\"768\" height=\"512\" src=\"https:\/\/quantum-power.at\/wp-content\/uploads\/2023\/02\/AdobeStock_257487069-1-768x512.jpeg\" class=\"attachment-medium_large size-medium_large wp-image-574\" alt=\"\" srcset=\"https:\/\/quantum-power.at\/wp-content\/uploads\/2023\/02\/AdobeStock_257487069-1-768x512.jpeg 768w, https:\/\/quantum-power.at\/wp-content\/uploads\/2023\/02\/AdobeStock_257487069-1-300x200.jpeg 300w, https:\/\/quantum-power.at\/wp-content\/uploads\/2023\/02\/AdobeStock_257487069-1-1024x683.jpeg 1024w, https:\/\/quantum-power.at\/wp-content\/uploads\/2023\/02\/AdobeStock_257487069-1-1536x1024.jpeg 1536w, https:\/\/quantum-power.at\/wp-content\/uploads\/2023\/02\/AdobeStock_257487069-1.jpeg 1800w\" sizes=\"(max-width: 768px) 100vw, 768px\" \/><\/div><\/a>\n\t\t\t\t<div class=\"elementor-post__text\">\n\t\t\t\t<h3 class=\"elementor-post__title\">\n\t\t\t<a href=\"https:\/\/quantum-power.at\/de\/construction-of-a-new-high-tech-plant-in-washington\/\" >\n\t\t\t\tNeue Technologie soll das Aufladen von E-Autos so schnell machen wie das Tanken von Benzin\t\t\t<\/a>\n\t\t<\/h3>\n\t\t\t\t<div class=\"elementor-post__excerpt\">\n\t\t\t<p>22-Mar-2022\u00a0&#8211;\u00a0Institute for Basic Science Quantenladung wird die Ladezeit von Elektrofahrzeugen von zehn Stunden auf drei Minuten verk\u00fcrzen Ob Photovoltaik oder Kernfusion &#8211; fr\u00fcher oder sp\u00e4ter<\/p>\n\t\t<\/div>\n\t\t\n\t\t<a class=\"elementor-post__read-more\" href=\"https:\/\/quantum-power.at\/de\/construction-of-a-new-high-tech-plant-in-washington\/\" aria-label=\"Read more about Neue Technologie soll das Aufladen von E-Autos so schnell machen wie das Tanken von Benzin\" >\n\t\t\tWeiterlesen ...\t\t<\/a>\n\n\t\t\t\t<\/div>\n\t\t\t\t\t<\/div>\n\t\t<\/article>\n\t\t\t\t<article class=\"elementor-post elementor-grid-item post-608 post type-post status-publish format-standard has-post-thumbnail hentry category-artikel tag-lorem-de\">\n\t\t\t<div class=\"elementor-post__card\">\n\t\t\t\t<a class=\"elementor-post__thumbnail__link\" href=\"https:\/\/quantum-power.at\/de\/manufacturing-research-in-kiev-and-other-regions-of-the-country\/\" ><div class=\"elementor-post__thumbnail\"><img decoding=\"async\" width=\"700\" height=\"460\" src=\"https:\/\/quantum-power.at\/wp-content\/uploads\/2023\/02\/Startseite-Google-Chrome-25.02.2023-03_22_48.png\" class=\"attachment-medium_large size-medium_large wp-image-840\" alt=\"\" srcset=\"https:\/\/quantum-power.at\/wp-content\/uploads\/2023\/02\/Startseite-Google-Chrome-25.02.2023-03_22_48.png 700w, https:\/\/quantum-power.at\/wp-content\/uploads\/2023\/02\/Startseite-Google-Chrome-25.02.2023-03_22_48-300x197.png 300w\" sizes=\"(max-width: 700px) 100vw, 700px\" \/><\/div><\/a>\n\t\t\t\t<div class=\"elementor-post__text\">\n\t\t\t\t<h3 class=\"elementor-post__title\">\n\t\t\t<a href=\"https:\/\/quantum-power.at\/de\/manufacturing-research-in-kiev-and-other-regions-of-the-country\/\" >\n\t\t\t\tSt\u00e4rkung der Wettbewerbsf\u00e4higkeit des EU-Sektors f\u00fcr saubere Energie\t\t\t<\/a>\n\t\t<\/h3>\n\t\t\t\t<div class=\"elementor-post__excerpt\">\n\t\t\t<p>30th January 2023 Paula Pinho, Director at the Directorate-General for Energy, European Commission, details the findings of the European Commission\u2019s latest Progress Report on Competitiveness<\/p>\n\t\t<\/div>\n\t\t\n\t\t<a class=\"elementor-post__read-more\" href=\"https:\/\/quantum-power.at\/de\/manufacturing-research-in-kiev-and-other-regions-of-the-country\/\" aria-label=\"Read more about St\u00e4rkung der Wettbewerbsf\u00e4higkeit des EU-Sektors f\u00fcr saubere Energie\" >\n\t\t\tWeiterlesen ...\t\t<\/a>\n\n\t\t\t\t<\/div>\n\t\t\t\t\t<\/div>\n\t\t<\/article>\n\t\t\t\t<article class=\"elementor-post elementor-grid-item post-609 post type-post status-publish format-standard has-post-thumbnail hentry category-artikel tag-dolor-de tag-laboris-de tag-ullamco-de tag-voluptate-de\">\n\t\t\t<div class=\"elementor-post__card\">\n\t\t\t\t<a class=\"elementor-post__thumbnail__link\" href=\"https:\/\/quantum-power.at\/de\/creation-of-industrial-projects-around-the-world\/\" ><div class=\"elementor-post__thumbnail\"><img decoding=\"async\" width=\"407\" height=\"620\" src=\"https:\/\/quantum-power.at\/wp-content\/uploads\/2023\/02\/Design-ohne-Titel-\u2013-Doc-Google-Chrome-25.02.2023-03_46_19.png\" class=\"attachment-medium_large size-medium_large wp-image-844\" alt=\"\" srcset=\"https:\/\/quantum-power.at\/wp-content\/uploads\/2023\/02\/Design-ohne-Titel-\u2013-Doc-Google-Chrome-25.02.2023-03_46_19.png 407w, https:\/\/quantum-power.at\/wp-content\/uploads\/2023\/02\/Design-ohne-Titel-\u2013-Doc-Google-Chrome-25.02.2023-03_46_19-197x300.png 197w\" sizes=\"(max-width: 407px) 100vw, 407px\" \/><\/div><\/a>\n\t\t\t\t<div class=\"elementor-post__text\">\n\t\t\t\t<h3 class=\"elementor-post__title\">\n\t\t\t<a href=\"https:\/\/quantum-power.at\/de\/creation-of-industrial-projects-around-the-world\/\" >\n\t\t\t\tDie revolution\u00e4re Natriumbatterie hat die vierfache Kapazit\u00e4t von Lithium-Ionen-Batterien\t\t\t<\/a>\n\t\t<\/h3>\n\t\t\t\t<div class=\"elementor-post__excerpt\">\n\t\t\t<p>29th December 2022 In a groundbreaking advancement for\u00a0energy storage technology, a team of international researchers has developed an advanced sodium battery that boasts an energy<\/p>\n\t\t<\/div>\n\t\t\n\t\t<a class=\"elementor-post__read-more\" href=\"https:\/\/quantum-power.at\/de\/creation-of-industrial-projects-around-the-world\/\" aria-label=\"Read more about Die revolution\u00e4re Natriumbatterie hat die vierfache Kapazit\u00e4t von Lithium-Ionen-Batterien\" >\n\t\t\tWeiterlesen ...\t\t<\/a>\n\n\t\t\t\t<\/div>\n\t\t\t\t\t<\/div>\n\t\t<\/article>\n\t\t\t\t<\/div>\n\t\t\t\t\t<span class=\"e-load-more-spinner\">\n\t\t\t\t<i aria-hidden=\"true\" class=\"fas fa-spinner\"><\/i>\t\t\t<\/span>\n\t\t\n\t\t\t\t\t\t<\/div>\n\t\t\t\t<\/div>\n\t\t\t\t\t<\/div>\n\t\t<\/div>\n\t\t\t\t\t<\/div>\n\t\t<\/section>\n\t\t\t\t<\/div>\n\t\t","protected":false},"excerpt":{"rendered":"","protected":false},"author":1,"featured_media":0,"parent":0,"menu_order":0,"comment_status":"closed","ping_status":"closed","template":"elementor_header_footer","meta":{"footnotes":""},"class_list":["post-648","page","type-page","status-publish","hentry"],"yoast_head":"<!-- This site is optimized with the Yoast SEO plugin v20.8 - https:\/\/yoast.com\/wordpress\/plugins\/seo\/ -->\n<title>Nachrichten - Quantum Power<\/title>\n<meta name=\"robots\" content=\"index, follow, max-snippet:-1, max-image-preview:large, max-video-preview:-1\" \/>\n<link rel=\"canonical\" href=\"https:\/\/quantum-power.at\/de\/news\/\" \/>\n<meta property=\"og:locale\" content=\"de_DE\" \/>\n<meta property=\"og:type\" content=\"article\" \/>\n<meta property=\"og:title\" content=\"Nachrichten - Quantum Power\" \/>\n<meta property=\"og:url\" content=\"https:\/\/quantum-power.at\/de\/news\/\" \/>\n<meta property=\"og:site_name\" content=\"Quantum Power\" \/>\n<meta property=\"article:modified_time\" content=\"2023-02-22T13:28:55+00:00\" \/>\n<meta name=\"twitter:card\" content=\"summary_large_image\" \/>\n<meta name=\"twitter:label1\" content=\"Gesch\u00e4tzte Lesezeit\" \/>\n\t<meta name=\"twitter:data1\" content=\"2\u00a0Minuten\" \/>\n<script type=\"application\/ld+json\" class=\"yoast-schema-graph\">{\"@context\":\"https:\/\/schema.org\",\"@graph\":[{\"@type\":\"WebPage\",\"@id\":\"https:\/\/quantum-power.at\/de\/news\/\",\"url\":\"https:\/\/quantum-power.at\/de\/news\/\",\"name\":\"Nachrichten - Quantum Power\",\"isPartOf\":{\"@id\":\"https:\/\/quantum-power.at\/#website\"},\"datePublished\":\"2023-02-20T21:13:22+00:00\",\"dateModified\":\"2023-02-22T13:28:55+00:00\",\"breadcrumb\":{\"@id\":\"https:\/\/quantum-power.at\/de\/news\/#breadcrumb\"},\"inLanguage\":\"de\",\"potentialAction\":[{\"@type\":\"ReadAction\",\"target\":[\"https:\/\/quantum-power.at\/de\/news\/\"]}]},{\"@type\":\"BreadcrumbList\",\"@id\":\"https:\/\/quantum-power.at\/de\/news\/#breadcrumb\",\"itemListElement\":[{\"@type\":\"ListItem\",\"position\":1,\"name\":\"Startseite\",\"item\":\"https:\/\/quantum-power.at\/de\/\"},{\"@type\":\"ListItem\",\"position\":2,\"name\":\"Nachrichten\"}]},{\"@type\":\"WebSite\",\"@id\":\"https:\/\/quantum-power.at\/#website\",\"url\":\"https:\/\/quantum-power.at\/\",\"name\":\"Quantum Power\",\"description\":\"\",\"publisher\":{\"@id\":\"https:\/\/quantum-power.at\/#organization\"},\"potentialAction\":[{\"@type\":\"SearchAction\",\"target\":{\"@type\":\"EntryPoint\",\"urlTemplate\":\"https:\/\/quantum-power.at\/?s={search_term_string}\"},\"query-input\":\"required name=search_term_string\"}],\"inLanguage\":\"de\"},{\"@type\":\"Organization\",\"@id\":\"https:\/\/quantum-power.at\/#organization\",\"name\":\"Quantum Power\",\"url\":\"https:\/\/quantum-power.at\/\",\"logo\":{\"@type\":\"ImageObject\",\"inLanguage\":\"de\",\"@id\":\"https:\/\/quantum-power.at\/#\/schema\/logo\/image\/\",\"url\":\"https:\/\/quantum-power.at\/wp-content\/uploads\/2023\/02\/Asset-1.png\",\"contentUrl\":\"https:\/\/quantum-power.at\/wp-content\/uploads\/2023\/02\/Asset-1.png\",\"width\":229,\"height\":80,\"caption\":\"Quantum Power\"},\"image\":{\"@id\":\"https:\/\/quantum-power.at\/#\/schema\/logo\/image\/\"}}]}<\/script>\n<!-- \/ Yoast SEO plugin. -->","yoast_head_json":{"title":"Nachrichten - Quantum Power","robots":{"index":"index","follow":"follow","max-snippet":"max-snippet:-1","max-image-preview":"max-image-preview:large","max-video-preview":"max-video-preview:-1"},"canonical":"https:\/\/quantum-power.at\/de\/news\/","og_locale":"de_DE","og_type":"article","og_title":"Nachrichten - Quantum Power","og_url":"https:\/\/quantum-power.at\/de\/news\/","og_site_name":"Quantum Power","article_modified_time":"2023-02-22T13:28:55+00:00","twitter_card":"summary_large_image","twitter_misc":{"Gesch\u00e4tzte Lesezeit":"2\u00a0Minuten"},"schema":{"@context":"https:\/\/schema.org","@graph":[{"@type":"WebPage","@id":"https:\/\/quantum-power.at\/de\/news\/","url":"https:\/\/quantum-power.at\/de\/news\/","name":"Nachrichten - Quantum Power","isPartOf":{"@id":"https:\/\/quantum-power.at\/#website"},"datePublished":"2023-02-20T21:13:22+00:00","dateModified":"2023-02-22T13:28:55+00:00","breadcrumb":{"@id":"https:\/\/quantum-power.at\/de\/news\/#breadcrumb"},"inLanguage":"de","potentialAction":[{"@type":"ReadAction","target":["https:\/\/quantum-power.at\/de\/news\/"]}]},{"@type":"BreadcrumbList","@id":"https:\/\/quantum-power.at\/de\/news\/#breadcrumb","itemListElement":[{"@type":"ListItem","position":1,"name":"Startseite","item":"https:\/\/quantum-power.at\/de\/"},{"@type":"ListItem","position":2,"name":"Nachrichten"}]},{"@type":"WebSite","@id":"https:\/\/quantum-power.at\/#website","url":"https:\/\/quantum-power.at\/","name":"Quantum Power","description":"","publisher":{"@id":"https:\/\/quantum-power.at\/#organization"},"potentialAction":[{"@type":"SearchAction","target":{"@type":"EntryPoint","urlTemplate":"https:\/\/quantum-power.at\/?s={search_term_string}"},"query-input":"required name=search_term_string"}],"inLanguage":"de"},{"@type":"Organization","@id":"https:\/\/quantum-power.at\/#organization","name":"Quantum Power","url":"https:\/\/quantum-power.at\/","logo":{"@type":"ImageObject","inLanguage":"de","@id":"https:\/\/quantum-power.at\/#\/schema\/logo\/image\/","url":"https:\/\/quantum-power.at\/wp-content\/uploads\/2023\/02\/Asset-1.png","contentUrl":"https:\/\/quantum-power.at\/wp-content\/uploads\/2023\/02\/Asset-1.png","width":229,"height":80,"caption":"Quantum Power"},"image":{"@id":"https:\/\/quantum-power.at\/#\/schema\/logo\/image\/"}}]}},"_links":{"self":[{"href":"https:\/\/quantum-power.at\/de\/wp-json\/wp\/v2\/pages\/648","targetHints":{"allow":["GET"]}}],"collection":[{"href":"https:\/\/quantum-power.at\/de\/wp-json\/wp\/v2\/pages"}],"about":[{"href":"https:\/\/quantum-power.at\/de\/wp-json\/wp\/v2\/types\/page"}],"author":[{"embeddable":true,"href":"https:\/\/quantum-power.at\/de\/wp-json\/wp\/v2\/users\/1"}],"replies":[{"embeddable":true,"href":"https:\/\/quantum-power.at\/de\/wp-json\/wp\/v2\/comments?post=648"}],"version-history":[{"count":5,"href":"https:\/\/quantum-power.at\/de\/wp-json\/wp\/v2\/pages\/648\/revisions"}],"predecessor-version":[{"id":653,"href":"https:\/\/quantum-power.at\/de\/wp-json\/wp\/v2\/pages\/648\/revisions\/653"}],"wp:attachment":[{"href":"https:\/\/quantum-power.at\/de\/wp-json\/wp\/v2\/media?parent=648"}],"curies":[{"name":"wp","href":"https:\/\/api.w.org\/{rel}","templated":true}]}}