{"id":662,"date":"2023-02-20T16:55:54","date_gmt":"2023-02-20T16:55:54","guid":{"rendered":"https:\/\/quantum-power.at\/right-of-withdrawal\/"},"modified":"2023-02-23T18:10:10","modified_gmt":"2023-02-23T18:10:10","slug":"right-of-withdrawal","status":"publish","type":"page","link":"https:\/\/quantum-power.at\/de\/right-of-withdrawal\/","title":{"rendered":"Widerrufsbelehrung"},"content":{"rendered":"\t\t<div data-elementor-type=\"wp-page\" data-elementor-id=\"662\" class=\"elementor elementor-662 elementor-459\">\n\t\t\t\t\t\t<section class=\"elementor-section elementor-top-section elementor-element elementor-element-fe25945 elementor-section-boxed elementor-section-height-default elementor-section-height-default\" data-id=\"fe25945\" data-element_type=\"section\" data-settings=\"{&quot;background_background&quot;:&quot;classic&quot;}\">\n\t\t\t\t\t\t\t<div class=\"elementor-background-overlay\"><\/div>\n\t\t\t\t\t\t\t<div class=\"elementor-container elementor-column-gap-default\">\n\t\t\t\t\t<div class=\"elementor-column elementor-col-100 elementor-top-column elementor-element elementor-element-e642708\" data-id=\"e642708\" data-element_type=\"column\">\n\t\t\t<div class=\"elementor-widget-wrap elementor-element-populated\">\n\t\t\t\t\t\t<div class=\"elementor-element elementor-element-8d63b92 elementor-widget elementor-widget-heading\" data-id=\"8d63b92\" data-element_type=\"widget\" data-widget_type=\"heading.default\">\n\t\t\t\t<div class=\"elementor-widget-container\">\n\t\t\t\t\t<h2 class=\"elementor-heading-title elementor-size-default\">Widerrufsbelehrung<\/h2>\t\t\t\t<\/div>\n\t\t\t\t<\/div>\n\t\t\t\t<div class=\"elementor-element elementor-element-3c78a2a elementor-widget elementor-widget-breadcrumbs\" data-id=\"3c78a2a\" data-element_type=\"widget\" data-widget_type=\"breadcrumbs.default\">\n\t\t\t\t<div class=\"elementor-widget-container\">\n\t\t\t\t\t<p id=\"breadcrumbs\"><span><span><a href=\"https:\/\/quantum-power.at\/de\/\">Startseite<\/a><\/span><\/span><\/p>\t\t\t\t<\/div>\n\t\t\t\t<\/div>\n\t\t\t\t\t<\/div>\n\t\t<\/div>\n\t\t\t\t\t<\/div>\n\t\t<\/section>\n\t\t\t\t<section class=\"elementor-section elementor-top-section elementor-element elementor-element-70dd406 elementor-section-boxed elementor-section-height-default elementor-section-height-default\" data-id=\"70dd406\" data-element_type=\"section\">\n\t\t\t\t\t\t<div class=\"elementor-container elementor-column-gap-default\">\n\t\t\t\t\t<div class=\"elementor-column elementor-col-100 elementor-top-column elementor-element elementor-element-ebf195c\" data-id=\"ebf195c\" data-element_type=\"column\">\n\t\t\t<div class=\"elementor-widget-wrap elementor-element-populated\">\n\t\t\t\t\t\t<div class=\"elementor-element elementor-element-2ec13b6 elementor-widget elementor-widget-text-editor\" data-id=\"2ec13b6\" data-element_type=\"widget\" data-widget_type=\"text-editor.default\">\n\t\t\t\t<div class=\"elementor-widget-container\">\n\t\t\t\t\t\t\t\t\t<p><strong>R\u00fccktrittsrecht f\u00fcr Kunden aus \u00d6sterreich <\/strong><\/p><p><strong>\u00a0<\/strong><\/p><p><strong>Widerrufsrecht <\/strong><\/p><p>Ist der Kunde Verbraucher (\u00a7 1 Abs. 1 Ziff. 2 KSchG), so kann er vom Vertrag innerhalb einer Frist von 14 Tagen ohne Angaben von Gr\u00fcnden zur\u00fccktreten. Es gen\u00fcgt, wenn die R\u00fccktrittserkl\u00e4rung oder vertragsgegenst\u00e4ndliche Sache innerhalb dieser Frist abgesendet wird. Die R\u00fccktrittsfrist beginnt mit dem Tag, an dem der Verbraucher oder ein vom Verbraucher benannter, nicht als Bef\u00f6rderer t\u00e4tiger Dritter den Besitz an der Ware erlangt. Der Widerruf ist zu richten an:<\/p><p>Quantum Power GmbH<\/p><p>Gatterburggasse 23\/3, 1190 Wien<\/p><p>T: +43 (1) 3671211<\/p><p>Email: info@quantum-power.at<\/p><p><strong>\u00a0<\/strong><\/p><p><strong>Widerrufsfolgen <\/strong><\/p><p>Im Falle eines wirksamen R\u00fccktritts hat der Verk\u00e4ufer Zug um Zug die vom Kunden geleisteten Zahlungen zu erstatten und den vom Kunden auf die Sache gemachten notwendigen und n\u00fctzlichen Aufwand zu ersetzen. Der Kunde hat die empfangenen Leistungen zur\u00fcckzustellen und der Verk\u00e4uferin ein angemessenes Entgelt f\u00fcr die Benutzung, einschlie\u00dflich einer Entsch\u00e4digung f\u00fcr eine damit verbundene Minderung des gemeinen Wertes der Leistung, sowie f\u00fcr eine \u00fcber die Pr\u00fcfung der Eigenschaften und Funktionsweise hinausgehende Nutzung zu zahlen. Im Fall des R\u00fccktritts tr\u00e4gt der Kunde die Kosten der R\u00fccksendung. Ist der Kunde Unternehmer gem. \u00a71 UGB, so ist ein Widerruf g\u00e4nzlich ausgeschlossen.<\/p><p><strong>\u00a0<\/strong><\/p><p><strong>R\u00fccktrittsrecht f\u00fcr Kunden aus einem Mitgliedstaat der Europ\u00e4ischen Union <\/strong><\/p><p><strong>\u00a0<\/strong><\/p><p><strong>Widerrufsrecht<\/strong><\/p><p>Ist der Kunde Verbraucher, so kann er vom Vertrag innerhalb einer Frist von 14 Tagen ohne Angaben von Gr\u00fcnden zur\u00fccktreten. Es gen\u00fcgt, wenn die R\u00fccktrittserkl\u00e4rung oder vertragsgegenst\u00e4ndliche Sache innerhalb dieser Frist abgesendet wird. Die R\u00fccktrittsfrist beginnt mit dem Tag, an dem der Verbraucher oder ein vom Verbraucher benannter, nicht als Bef\u00f6rderer t\u00e4tiger Dritter den Besitz an der Ware erlangt. Der Widerruf ist zu richten an:<\/p><p>Quantum Power GmbH<\/p><p>Gatterburggasse 23\/3, 1190 Wien<\/p><p>T: +43 (1) 3671211<\/p><p>Email: info@quantum-power.at<\/p><p><strong>Widerrufsfolgen <\/strong><\/p><p>Im Falle eines wirksamen R\u00fccktritts hat der Verk\u00e4ufer Zug um Zug die vom Kunden geleisteten Zahlungen zu erstatten und den vom Kunden auf die Sache gemachten notwendigen und n\u00fctzlichen Aufwand zu ersetzen. Der Kunde hat die empfangenen Leistungen zur\u00fcckzustellen und der Verk\u00e4uferin ein angemessenes Entgelt f\u00fcr die Benutzung, einschlie\u00dflich einer Entsch\u00e4digung f\u00fcr eine damit verbundene Minderung des gemeinen Wertes der Leistung, sowie f\u00fcr eine \u00fcber die Pr\u00fcfung der Eigenschaften und Funktionsweise hinausgehende Nutzung zu zahlen. Wenn die gelieferte Ware der bestellten entspricht und der Preis der zur\u00fcckzusendenden Sache einen Betrag von 40 Euro nicht \u00fcbersteigt oder wenn der Kunde zum Zeitpunkt des Widerrufs noch nicht die Gegenleistung oder eine vertraglich vereinbarte Teilzahlung erbracht hat, hat der Kunde die Kosten der R\u00fccksendung zu tragen. Ist der Kunde Unternehmer, so ist ein Widerruf g\u00e4nzlich ausgeschlossen.<\/p>\t\t\t\t\t\t\t\t<\/div>\n\t\t\t\t<\/div>\n\t\t\t\t\t<\/div>\n\t\t<\/div>\n\t\t\t\t\t<\/div>\n\t\t<\/section>\n\t\t\t\t<\/div>\n\t\t","protected":false},"excerpt":{"rendered":"<p>R\u00fccktrittsrecht f\u00fcr Kunden aus \u00d6sterreich \u00a0 Widerrufsrecht Ist der Kunde Verbraucher (\u00a7 1 Abs. 1 Ziff. 2 KSchG), so kann er vom Vertrag innerhalb einer Frist von 14 Tagen ohne Angaben von Gr\u00fcnden zur\u00fccktreten. Es gen\u00fcgt, wenn die R\u00fccktrittserkl\u00e4rung oder vertragsgegenst\u00e4ndliche Sache innerhalb dieser Frist abgesendet wird. Die R\u00fccktrittsfrist beginnt mit dem Tag, an dem [&hellip;]<\/p>\n","protected":false},"author":1,"featured_media":0,"parent":0,"menu_order":0,"comment_status":"closed","ping_status":"closed","template":"elementor_header_footer","meta":{"footnotes":""},"class_list":["post-662","page","type-page","status-publish","hentry"],"yoast_head":"<!-- This site is optimized with the Yoast SEO plugin v20.8 - https:\/\/yoast.com\/wordpress\/plugins\/seo\/ -->\n<title>Widerrufsbelehrung - Quantum Power<\/title>\n<meta name=\"robots\" content=\"index, follow, max-snippet:-1, max-image-preview:large, max-video-preview:-1\" \/>\n<link rel=\"canonical\" href=\"https:\/\/quantum-power.at\/de\/right-of-withdrawal\/\" \/>\n<meta property=\"og:locale\" content=\"de_DE\" \/>\n<meta property=\"og:type\" content=\"article\" \/>\n<meta property=\"og:title\" content=\"Widerrufsbelehrung - Quantum Power\" \/>\n<meta property=\"og:description\" content=\"R\u00fccktrittsrecht f\u00fcr Kunden aus \u00d6sterreich \u00a0 Widerrufsrecht Ist der Kunde Verbraucher (\u00a7 1 Abs. 1 Ziff. 2 KSchG), so kann er vom Vertrag innerhalb einer Frist von 14 Tagen ohne Angaben von Gr\u00fcnden zur\u00fccktreten. Es gen\u00fcgt, wenn die R\u00fccktrittserkl\u00e4rung oder vertragsgegenst\u00e4ndliche Sache innerhalb dieser Frist abgesendet wird. Die R\u00fccktrittsfrist beginnt mit dem Tag, an dem [&hellip;]\" \/>\n<meta property=\"og:url\" content=\"https:\/\/quantum-power.at\/de\/right-of-withdrawal\/\" \/>\n<meta property=\"og:site_name\" content=\"Quantum Power\" \/>\n<meta property=\"article:modified_time\" content=\"2023-02-23T18:10:10+00:00\" \/>\n<meta name=\"twitter:card\" content=\"summary_large_image\" \/>\n<meta name=\"twitter:label1\" content=\"Gesch\u00e4tzte Lesezeit\" \/>\n\t<meta name=\"twitter:data1\" content=\"3\u00a0Minuten\" \/>\n<script type=\"application\/ld+json\" class=\"yoast-schema-graph\">{\"@context\":\"https:\/\/schema.org\",\"@graph\":[{\"@type\":\"WebPage\",\"@id\":\"https:\/\/quantum-power.at\/de\/right-of-withdrawal\/\",\"url\":\"https:\/\/quantum-power.at\/de\/right-of-withdrawal\/\",\"name\":\"Widerrufsbelehrung - Quantum Power\",\"isPartOf\":{\"@id\":\"https:\/\/quantum-power.at\/#website\"},\"datePublished\":\"2023-02-20T16:55:54+00:00\",\"dateModified\":\"2023-02-23T18:10:10+00:00\",\"breadcrumb\":{\"@id\":\"https:\/\/quantum-power.at\/de\/right-of-withdrawal\/#breadcrumb\"},\"inLanguage\":\"de\",\"potentialAction\":[{\"@type\":\"ReadAction\",\"target\":[\"https:\/\/quantum-power.at\/de\/right-of-withdrawal\/\"]}]},{\"@type\":\"BreadcrumbList\",\"@id\":\"https:\/\/quantum-power.at\/de\/right-of-withdrawal\/#breadcrumb\",\"itemListElement\":[{\"@type\":\"ListItem\",\"position\":1,\"name\":\"Startseite\",\"item\":\"https:\/\/quantum-power.at\/de\/\"},{\"@type\":\"ListItem\",\"position\":2,\"name\":\"Widerrufsbelehrung\"}]},{\"@type\":\"WebSite\",\"@id\":\"https:\/\/quantum-power.at\/#website\",\"url\":\"https:\/\/quantum-power.at\/\",\"name\":\"Quantum Power\",\"description\":\"\",\"publisher\":{\"@id\":\"https:\/\/quantum-power.at\/#organization\"},\"potentialAction\":[{\"@type\":\"SearchAction\",\"target\":{\"@type\":\"EntryPoint\",\"urlTemplate\":\"https:\/\/quantum-power.at\/?s={search_term_string}\"},\"query-input\":\"required name=search_term_string\"}],\"inLanguage\":\"de\"},{\"@type\":\"Organization\",\"@id\":\"https:\/\/quantum-power.at\/#organization\",\"name\":\"Quantum Power\",\"url\":\"https:\/\/quantum-power.at\/\",\"logo\":{\"@type\":\"ImageObject\",\"inLanguage\":\"de\",\"@id\":\"https:\/\/quantum-power.at\/#\/schema\/logo\/image\/\",\"url\":\"https:\/\/quantum-power.at\/wp-content\/uploads\/2023\/02\/Asset-1.png\",\"contentUrl\":\"https:\/\/quantum-power.at\/wp-content\/uploads\/2023\/02\/Asset-1.png\",\"width\":229,\"height\":80,\"caption\":\"Quantum Power\"},\"image\":{\"@id\":\"https:\/\/quantum-power.at\/#\/schema\/logo\/image\/\"}}]}<\/script>\n<!-- \/ Yoast SEO plugin. -->","yoast_head_json":{"title":"Widerrufsbelehrung - Quantum Power","robots":{"index":"index","follow":"follow","max-snippet":"max-snippet:-1","max-image-preview":"max-image-preview:large","max-video-preview":"max-video-preview:-1"},"canonical":"https:\/\/quantum-power.at\/de\/right-of-withdrawal\/","og_locale":"de_DE","og_type":"article","og_title":"Widerrufsbelehrung - Quantum Power","og_description":"R\u00fccktrittsrecht f\u00fcr Kunden aus \u00d6sterreich \u00a0 Widerrufsrecht Ist der Kunde Verbraucher (\u00a7 1 Abs. 1 Ziff. 2 KSchG), so kann er vom Vertrag innerhalb einer Frist von 14 Tagen ohne Angaben von Gr\u00fcnden zur\u00fccktreten. Es gen\u00fcgt, wenn die R\u00fccktrittserkl\u00e4rung oder vertragsgegenst\u00e4ndliche Sache innerhalb dieser Frist abgesendet wird. Die R\u00fccktrittsfrist beginnt mit dem Tag, an dem [&hellip;]","og_url":"https:\/\/quantum-power.at\/de\/right-of-withdrawal\/","og_site_name":"Quantum Power","article_modified_time":"2023-02-23T18:10:10+00:00","twitter_card":"summary_large_image","twitter_misc":{"Gesch\u00e4tzte Lesezeit":"3\u00a0Minuten"},"schema":{"@context":"https:\/\/schema.org","@graph":[{"@type":"WebPage","@id":"https:\/\/quantum-power.at\/de\/right-of-withdrawal\/","url":"https:\/\/quantum-power.at\/de\/right-of-withdrawal\/","name":"Widerrufsbelehrung - Quantum Power","isPartOf":{"@id":"https:\/\/quantum-power.at\/#website"},"datePublished":"2023-02-20T16:55:54+00:00","dateModified":"2023-02-23T18:10:10+00:00","breadcrumb":{"@id":"https:\/\/quantum-power.at\/de\/right-of-withdrawal\/#breadcrumb"},"inLanguage":"de","potentialAction":[{"@type":"ReadAction","target":["https:\/\/quantum-power.at\/de\/right-of-withdrawal\/"]}]},{"@type":"BreadcrumbList","@id":"https:\/\/quantum-power.at\/de\/right-of-withdrawal\/#breadcrumb","itemListElement":[{"@type":"ListItem","position":1,"name":"Startseite","item":"https:\/\/quantum-power.at\/de\/"},{"@type":"ListItem","position":2,"name":"Widerrufsbelehrung"}]},{"@type":"WebSite","@id":"https:\/\/quantum-power.at\/#website","url":"https:\/\/quantum-power.at\/","name":"Quantum Power","description":"","publisher":{"@id":"https:\/\/quantum-power.at\/#organization"},"potentialAction":[{"@type":"SearchAction","target":{"@type":"EntryPoint","urlTemplate":"https:\/\/quantum-power.at\/?s={search_term_string}"},"query-input":"required name=search_term_string"}],"inLanguage":"de"},{"@type":"Organization","@id":"https:\/\/quantum-power.at\/#organization","name":"Quantum Power","url":"https:\/\/quantum-power.at\/","logo":{"@type":"ImageObject","inLanguage":"de","@id":"https:\/\/quantum-power.at\/#\/schema\/logo\/image\/","url":"https:\/\/quantum-power.at\/wp-content\/uploads\/2023\/02\/Asset-1.png","contentUrl":"https:\/\/quantum-power.at\/wp-content\/uploads\/2023\/02\/Asset-1.png","width":229,"height":80,"caption":"Quantum Power"},"image":{"@id":"https:\/\/quantum-power.at\/#\/schema\/logo\/image\/"}}]}},"_links":{"self":[{"href":"https:\/\/quantum-power.at\/de\/wp-json\/wp\/v2\/pages\/662","targetHints":{"allow":["GET"]}}],"collection":[{"href":"https:\/\/quantum-power.at\/de\/wp-json\/wp\/v2\/pages"}],"about":[{"href":"https:\/\/quantum-power.at\/de\/wp-json\/wp\/v2\/types\/page"}],"author":[{"embeddable":true,"href":"https:\/\/quantum-power.at\/de\/wp-json\/wp\/v2\/users\/1"}],"replies":[{"embeddable":true,"href":"https:\/\/quantum-power.at\/de\/wp-json\/wp\/v2\/comments?post=662"}],"version-history":[{"count":7,"href":"https:\/\/quantum-power.at\/de\/wp-json\/wp\/v2\/pages\/662\/revisions"}],"predecessor-version":[{"id":756,"href":"https:\/\/quantum-power.at\/de\/wp-json\/wp\/v2\/pages\/662\/revisions\/756"}],"wp:attachment":[{"href":"https:\/\/quantum-power.at\/de\/wp-json\/wp\/v2\/media?parent=662"}],"curies":[{"name":"wp","href":"https:\/\/api.w.org\/{rel}","templated":true}]}}