{"id":764,"date":"2023-02-23T18:16:57","date_gmt":"2023-02-23T18:16:57","guid":{"rendered":"https:\/\/quantum-power.at\/imprint\/"},"modified":"2023-02-23T21:09:53","modified_gmt":"2023-02-23T21:09:53","slug":"imprint","status":"publish","type":"page","link":"https:\/\/quantum-power.at\/de\/imprint\/","title":{"rendered":"Impressum"},"content":{"rendered":"\t\t<div data-elementor-type=\"wp-page\" data-elementor-id=\"764\" class=\"elementor elementor-764 elementor-757\">\n\t\t\t\t\t\t<section class=\"elementor-section elementor-top-section elementor-element elementor-element-39245df elementor-section-boxed elementor-section-height-default elementor-section-height-default\" data-id=\"39245df\" data-element_type=\"section\" data-settings=\"{&quot;background_background&quot;:&quot;classic&quot;}\">\n\t\t\t\t\t\t\t<div class=\"elementor-background-overlay\"><\/div>\n\t\t\t\t\t\t\t<div class=\"elementor-container elementor-column-gap-default\">\n\t\t\t\t\t<div class=\"elementor-column elementor-col-100 elementor-top-column elementor-element elementor-element-8fb4155\" data-id=\"8fb4155\" data-element_type=\"column\">\n\t\t\t<div class=\"elementor-widget-wrap elementor-element-populated\">\n\t\t\t\t\t\t<div class=\"elementor-element elementor-element-be29cc1 elementor-widget elementor-widget-heading\" data-id=\"be29cc1\" data-element_type=\"widget\" data-widget_type=\"heading.default\">\n\t\t\t\t<div class=\"elementor-widget-container\">\n\t\t\t\t\t<h2 class=\"elementor-heading-title elementor-size-default\">Impressum<\/h2>\t\t\t\t<\/div>\n\t\t\t\t<\/div>\n\t\t\t\t<div class=\"elementor-element elementor-element-3ec2e01 elementor-widget elementor-widget-breadcrumbs\" data-id=\"3ec2e01\" data-element_type=\"widget\" data-widget_type=\"breadcrumbs.default\">\n\t\t\t\t<div class=\"elementor-widget-container\">\n\t\t\t\t\t<p id=\"breadcrumbs\"><span><span><a href=\"https:\/\/quantum-power.at\/de\/\">Startseite<\/a><\/span><\/span><\/p>\t\t\t\t<\/div>\n\t\t\t\t<\/div>\n\t\t\t\t\t<\/div>\n\t\t<\/div>\n\t\t\t\t\t<\/div>\n\t\t<\/section>\n\t\t\t\t<section class=\"elementor-section elementor-top-section elementor-element elementor-element-0903e20 elementor-section-boxed elementor-section-height-default elementor-section-height-default\" data-id=\"0903e20\" data-element_type=\"section\">\n\t\t\t\t\t\t<div class=\"elementor-container elementor-column-gap-default\">\n\t\t\t\t\t<div class=\"elementor-column elementor-col-100 elementor-top-column elementor-element elementor-element-c7acedf\" data-id=\"c7acedf\" data-element_type=\"column\">\n\t\t\t<div class=\"elementor-widget-wrap elementor-element-populated\">\n\t\t\t\t\t\t<div class=\"elementor-element elementor-element-cab7860 elementor-widget elementor-widget-text-editor\" data-id=\"cab7860\" data-element_type=\"widget\" data-widget_type=\"text-editor.default\">\n\t\t\t\t<div class=\"elementor-widget-container\">\n\t\t\t\t\t\t\t\t\t<table><tbody><tr><td width=\"310\"><p><strong>Name<\/strong><\/p><\/td><td width=\"310\"><p>Quantum Power GmbH<\/p><\/td><\/tr><tr><td width=\"310\"><p><strong>Sitz<\/strong><\/p><\/td><td width=\"310\"><p>Wien, \u00d6sterreich<\/p><\/td><\/tr><tr><td width=\"310\"><p><strong>Unternehmensgegenstand<\/strong><\/p><\/td><td width=\"310\"><p>Handelsgewerbe <br \/>Handel mit Waren aller Art, insbesondere Ladeger\u00e4te f\u00fcr Elektroautos, <br \/>elektronische Ger\u00e4te, Beleuchtung<\/p><\/td><\/tr><tr><td width=\"310\"><p><strong>Anschrift<\/strong><\/p><\/td><td width=\"310\"><p>Gatterburggasse 23\/3, 1190 Wien <\/p><\/td><\/tr><tr><td width=\"310\"><p><strong>Firmenbuchnummer<\/strong><\/p><\/td><td width=\"310\"><p>FN 590984 w<\/p><\/td><\/tr><tr><td width=\"310\"><p><strong>Firmenbuchgericht<\/strong><\/p><\/td><td width=\"310\"><p>Handelsgericht Wien<\/p><\/td><\/tr><tr><td width=\"310\"><p><strong>Mitglied der WKO<\/strong><\/p><\/td><td width=\"310\"><p>Wien<\/p><\/td><\/tr><tr><td width=\"310\"><p><strong>UID-Nummer<\/strong><\/p><\/td><td width=\"310\"><p>ATU79022512<\/p><\/td><\/tr><tr><td width=\"310\"><p><strong>Telefon<\/strong><\/p><\/td><td width=\"310\"><p>+43 (1) 3671211<\/p><\/td><\/tr><tr><td width=\"310\"><p><strong>Website<\/strong><\/p><\/td><td width=\"310\"><p><a href=\"http:\/\/www.quantum-power.at\">www.quantum-power.at<\/a><\/p><\/td><\/tr><tr><td width=\"310\"><p><strong>E-mail<\/strong><\/p><\/td><td width=\"310\"><p>info@quantum-power.at<\/p><\/td><\/tr><tr><td width=\"310\"><p><strong>Bank Daten<\/strong><\/p><\/td><td width=\"310\"><p>Quantum Power GmbH<\/p><p>Oberbank<\/p><p>IBAN: AT411500000501500334<\/p><p>BIC: OBKLAT2L<\/p><\/td><\/tr><\/tbody><\/table>\t\t\t\t\t\t\t\t<\/div>\n\t\t\t\t<\/div>\n\t\t\t\t\t<\/div>\n\t\t<\/div>\n\t\t\t\t\t<\/div>\n\t\t<\/section>\n\t\t\t\t<\/div>\n\t\t","protected":false},"excerpt":{"rendered":"<p>Name Quantum Power GmbH Sitz Wien, \u00d6sterreich Unternehmensgegenstand Handelsgewerbe Handel mit Waren aller Art, insbesondere Ladeger\u00e4te f\u00fcr Elektroautos, elektronische Ger\u00e4te, Beleuchtung Anschrift Gatterburggasse 23\/3, 1190 Wien Firmenbuchnummer FN 590984 w Firmenbuchgericht Handelsgericht Wien Mitglied der WKO Wien UID-Nummer ATU79022512 Telefon +43 (1) 3671211 Website www.quantum-power.at E-mail info@quantum-power.at Bank Daten Quantum Power GmbH Oberbank IBAN: AT411500000501500334 [&hellip;]<\/p>\n","protected":false},"author":1,"featured_media":0,"parent":0,"menu_order":0,"comment_status":"closed","ping_status":"closed","template":"elementor_header_footer","meta":{"footnotes":""},"class_list":["post-764","page","type-page","status-publish","hentry"],"yoast_head":"<!-- This site is optimized with the Yoast SEO plugin v20.8 - https:\/\/yoast.com\/wordpress\/plugins\/seo\/ -->\n<title>Impressum - Quantum Power<\/title>\n<meta name=\"robots\" content=\"index, follow, max-snippet:-1, max-image-preview:large, max-video-preview:-1\" \/>\n<link rel=\"canonical\" href=\"https:\/\/quantum-power.at\/de\/imprint\/\" \/>\n<meta property=\"og:locale\" content=\"de_DE\" \/>\n<meta property=\"og:type\" content=\"article\" \/>\n<meta property=\"og:title\" content=\"Impressum - Quantum Power\" \/>\n<meta property=\"og:description\" content=\"Name Quantum Power GmbH Sitz Wien, \u00d6sterreich Unternehmensgegenstand Handelsgewerbe Handel mit Waren aller Art, insbesondere Ladeger\u00e4te f\u00fcr Elektroautos, elektronische Ger\u00e4te, Beleuchtung Anschrift Gatterburggasse 23\/3, 1190 Wien Firmenbuchnummer FN 590984 w Firmenbuchgericht Handelsgericht Wien Mitglied der WKO Wien UID-Nummer ATU79022512 Telefon +43 (1) 3671211 Website www.quantum-power.at E-mail info@quantum-power.at Bank Daten Quantum Power GmbH Oberbank IBAN: AT411500000501500334 [&hellip;]\" \/>\n<meta property=\"og:url\" content=\"https:\/\/quantum-power.at\/de\/imprint\/\" \/>\n<meta property=\"og:site_name\" content=\"Quantum Power\" \/>\n<meta property=\"article:modified_time\" content=\"2023-02-23T21:09:53+00:00\" \/>\n<meta name=\"twitter:card\" content=\"summary_large_image\" \/>\n<meta name=\"twitter:label1\" content=\"Gesch\u00e4tzte Lesezeit\" \/>\n\t<meta name=\"twitter:data1\" content=\"1\u00a0Minute\" \/>\n<script type=\"application\/ld+json\" class=\"yoast-schema-graph\">{\"@context\":\"https:\/\/schema.org\",\"@graph\":[{\"@type\":\"WebPage\",\"@id\":\"https:\/\/quantum-power.at\/de\/imprint\/\",\"url\":\"https:\/\/quantum-power.at\/de\/imprint\/\",\"name\":\"Impressum - Quantum Power\",\"isPartOf\":{\"@id\":\"https:\/\/quantum-power.at\/#website\"},\"datePublished\":\"2023-02-23T18:16:57+00:00\",\"dateModified\":\"2023-02-23T21:09:53+00:00\",\"breadcrumb\":{\"@id\":\"https:\/\/quantum-power.at\/de\/imprint\/#breadcrumb\"},\"inLanguage\":\"de\",\"potentialAction\":[{\"@type\":\"ReadAction\",\"target\":[\"https:\/\/quantum-power.at\/de\/imprint\/\"]}]},{\"@type\":\"BreadcrumbList\",\"@id\":\"https:\/\/quantum-power.at\/de\/imprint\/#breadcrumb\",\"itemListElement\":[{\"@type\":\"ListItem\",\"position\":1,\"name\":\"Startseite\",\"item\":\"https:\/\/quantum-power.at\/de\/\"},{\"@type\":\"ListItem\",\"position\":2,\"name\":\"Impressum\"}]},{\"@type\":\"WebSite\",\"@id\":\"https:\/\/quantum-power.at\/#website\",\"url\":\"https:\/\/quantum-power.at\/\",\"name\":\"Quantum Power\",\"description\":\"\",\"publisher\":{\"@id\":\"https:\/\/quantum-power.at\/#organization\"},\"potentialAction\":[{\"@type\":\"SearchAction\",\"target\":{\"@type\":\"EntryPoint\",\"urlTemplate\":\"https:\/\/quantum-power.at\/?s={search_term_string}\"},\"query-input\":\"required name=search_term_string\"}],\"inLanguage\":\"de\"},{\"@type\":\"Organization\",\"@id\":\"https:\/\/quantum-power.at\/#organization\",\"name\":\"Quantum Power\",\"url\":\"https:\/\/quantum-power.at\/\",\"logo\":{\"@type\":\"ImageObject\",\"inLanguage\":\"de\",\"@id\":\"https:\/\/quantum-power.at\/#\/schema\/logo\/image\/\",\"url\":\"https:\/\/quantum-power.at\/wp-content\/uploads\/2023\/02\/Asset-1.png\",\"contentUrl\":\"https:\/\/quantum-power.at\/wp-content\/uploads\/2023\/02\/Asset-1.png\",\"width\":229,\"height\":80,\"caption\":\"Quantum Power\"},\"image\":{\"@id\":\"https:\/\/quantum-power.at\/#\/schema\/logo\/image\/\"}}]}<\/script>\n<!-- \/ Yoast SEO plugin. -->","yoast_head_json":{"title":"Impressum - Quantum Power","robots":{"index":"index","follow":"follow","max-snippet":"max-snippet:-1","max-image-preview":"max-image-preview:large","max-video-preview":"max-video-preview:-1"},"canonical":"https:\/\/quantum-power.at\/de\/imprint\/","og_locale":"de_DE","og_type":"article","og_title":"Impressum - Quantum Power","og_description":"Name Quantum Power GmbH Sitz Wien, \u00d6sterreich Unternehmensgegenstand Handelsgewerbe Handel mit Waren aller Art, insbesondere Ladeger\u00e4te f\u00fcr Elektroautos, elektronische Ger\u00e4te, Beleuchtung Anschrift Gatterburggasse 23\/3, 1190 Wien Firmenbuchnummer FN 590984 w Firmenbuchgericht Handelsgericht Wien Mitglied der WKO Wien UID-Nummer ATU79022512 Telefon +43 (1) 3671211 Website www.quantum-power.at E-mail info@quantum-power.at Bank Daten Quantum Power GmbH Oberbank IBAN: AT411500000501500334 [&hellip;]","og_url":"https:\/\/quantum-power.at\/de\/imprint\/","og_site_name":"Quantum Power","article_modified_time":"2023-02-23T21:09:53+00:00","twitter_card":"summary_large_image","twitter_misc":{"Gesch\u00e4tzte Lesezeit":"1\u00a0Minute"},"schema":{"@context":"https:\/\/schema.org","@graph":[{"@type":"WebPage","@id":"https:\/\/quantum-power.at\/de\/imprint\/","url":"https:\/\/quantum-power.at\/de\/imprint\/","name":"Impressum - Quantum Power","isPartOf":{"@id":"https:\/\/quantum-power.at\/#website"},"datePublished":"2023-02-23T18:16:57+00:00","dateModified":"2023-02-23T21:09:53+00:00","breadcrumb":{"@id":"https:\/\/quantum-power.at\/de\/imprint\/#breadcrumb"},"inLanguage":"de","potentialAction":[{"@type":"ReadAction","target":["https:\/\/quantum-power.at\/de\/imprint\/"]}]},{"@type":"BreadcrumbList","@id":"https:\/\/quantum-power.at\/de\/imprint\/#breadcrumb","itemListElement":[{"@type":"ListItem","position":1,"name":"Startseite","item":"https:\/\/quantum-power.at\/de\/"},{"@type":"ListItem","position":2,"name":"Impressum"}]},{"@type":"WebSite","@id":"https:\/\/quantum-power.at\/#website","url":"https:\/\/quantum-power.at\/","name":"Quantum Power","description":"","publisher":{"@id":"https:\/\/quantum-power.at\/#organization"},"potentialAction":[{"@type":"SearchAction","target":{"@type":"EntryPoint","urlTemplate":"https:\/\/quantum-power.at\/?s={search_term_string}"},"query-input":"required name=search_term_string"}],"inLanguage":"de"},{"@type":"Organization","@id":"https:\/\/quantum-power.at\/#organization","name":"Quantum Power","url":"https:\/\/quantum-power.at\/","logo":{"@type":"ImageObject","inLanguage":"de","@id":"https:\/\/quantum-power.at\/#\/schema\/logo\/image\/","url":"https:\/\/quantum-power.at\/wp-content\/uploads\/2023\/02\/Asset-1.png","contentUrl":"https:\/\/quantum-power.at\/wp-content\/uploads\/2023\/02\/Asset-1.png","width":229,"height":80,"caption":"Quantum Power"},"image":{"@id":"https:\/\/quantum-power.at\/#\/schema\/logo\/image\/"}}]}},"_links":{"self":[{"href":"https:\/\/quantum-power.at\/de\/wp-json\/wp\/v2\/pages\/764","targetHints":{"allow":["GET"]}}],"collection":[{"href":"https:\/\/quantum-power.at\/de\/wp-json\/wp\/v2\/pages"}],"about":[{"href":"https:\/\/quantum-power.at\/de\/wp-json\/wp\/v2\/types\/page"}],"author":[{"embeddable":true,"href":"https:\/\/quantum-power.at\/de\/wp-json\/wp\/v2\/users\/1"}],"replies":[{"embeddable":true,"href":"https:\/\/quantum-power.at\/de\/wp-json\/wp\/v2\/comments?post=764"}],"version-history":[{"count":9,"href":"https:\/\/quantum-power.at\/de\/wp-json\/wp\/v2\/pages\/764\/revisions"}],"predecessor-version":[{"id":797,"href":"https:\/\/quantum-power.at\/de\/wp-json\/wp\/v2\/pages\/764\/revisions\/797"}],"wp:attachment":[{"href":"https:\/\/quantum-power.at\/de\/wp-json\/wp\/v2\/media?parent=764"}],"curies":[{"name":"wp","href":"https:\/\/api.w.org\/{rel}","templated":true}]}}